{"id":35,"date":"2023-09-01T16:36:20","date_gmt":"2023-09-01T14:36:20","guid":{"rendered":"https:\/\/posnerbistro.hu\/contact-us\/"},"modified":"2025-12-12T16:26:03","modified_gmt":"2025-12-12T15:26:03","slug":"kapcsolat","status":"publish","type":"page","link":"https:\/\/posnerbistro.hu\/en\/kapcsolat\/","title":{"rendered":"Contact"},"content":{"rendered":"\t\t<div data-elementor-type=\"wp-page\" data-elementor-id=\"35\" class=\"elementor elementor-35\" data-elementor-post-type=\"page\">\n\t\t\t\t\t\t<section class=\"elementor-section elementor-top-section elementor-element elementor-element-516d37f2 elementor-section-height-min-height elementor-section-boxed elementor-section-height-default elementor-section-items-middle\" data-id=\"516d37f2\" data-element_type=\"section\" data-e-type=\"section\" data-settings=\"{&quot;background_background&quot;:&quot;classic&quot;}\">\n\t\t\t\t\t\t<div class=\"elementor-container elementor-column-gap-default\">\n\t\t\t\t\t<div class=\"elementor-column elementor-col-50 elementor-top-column elementor-element elementor-element-407c0cb\" data-id=\"407c0cb\" data-element_type=\"column\" data-e-type=\"column\" data-settings=\"{&quot;background_background&quot;:&quot;classic&quot;}\">\n\t\t\t<div class=\"elementor-widget-wrap elementor-element-populated\">\n\t\t\t\t\t\t<div class=\"elementor-element elementor-element-4f6f50c elementor-widget elementor-widget-heading\" data-id=\"4f6f50c\" data-element_type=\"widget\" data-e-type=\"widget\" data-widget_type=\"heading.default\">\n\t\t\t\t<div class=\"elementor-widget-container\">\n\t\t\t\t\t<h1 class=\"elementor-heading-title elementor-size-default\">KAPCSOLAT<\/h1>\t\t\t\t<\/div>\n\t\t\t\t<\/div>\n\t\t\t\t\t<\/div>\n\t\t<\/div>\n\t\t\t\t<div class=\"elementor-column elementor-col-50 elementor-top-column elementor-element elementor-element-140ba1d\" data-id=\"140ba1d\" data-element_type=\"column\" data-e-type=\"column\">\n\t\t\t<div class=\"elementor-widget-wrap\">\n\t\t\t\t\t\t\t<\/div>\n\t\t<\/div>\n\t\t\t\t\t<\/div>\n\t\t<\/section>\n\t\t\t\t<section class=\"elementor-section elementor-top-section elementor-element elementor-element-753bcaba elementor-section-boxed elementor-section-height-default elementor-section-height-default\" data-id=\"753bcaba\" data-element_type=\"section\" data-e-type=\"section\">\n\t\t\t\t\t\t<div class=\"elementor-container elementor-column-gap-default\">\n\t\t\t\t\t<div class=\"elementor-column elementor-col-50 elementor-top-column elementor-element elementor-element-450e21ba\" data-id=\"450e21ba\" data-element_type=\"column\" data-e-type=\"column\">\n\t\t\t<div class=\"elementor-widget-wrap elementor-element-populated\">\n\t\t\t\t\t\t<div class=\"elementor-element elementor-element-ac7db59 elementor-widget elementor-widget-heading\" data-id=\"ac7db59\" data-element_type=\"widget\" data-e-type=\"widget\" data-widget_type=\"heading.default\">\n\t\t\t\t<div class=\"elementor-widget-container\">\n\t\t\t\t\t<h2 class=\"elementor-heading-title elementor-size-default\"> Vegye fel vel\u00fcnk<br> a kapcsolatot<\/h2>\t\t\t\t<\/div>\n\t\t\t\t<\/div>\n\t\t\t\t<div class=\"elementor-element elementor-element-58c7fe42 elementor-button-align-end elementor-widget elementor-widget-form\" data-id=\"58c7fe42\" data-element_type=\"widget\" data-e-type=\"widget\" data-settings=\"{&quot;step_next_label&quot;:&quot;K\\u00f6vetkez\\u0151&quot;,&quot;step_previous_label&quot;:&quot;El\\u0151z\\u0151&quot;,&quot;step_type&quot;:&quot;number_text&quot;,&quot;step_icon_shape&quot;:&quot;circle&quot;}\" data-widget_type=\"form.default\">\n\t\t\t\t<div class=\"elementor-widget-container\">\n\t\t\t\t\t\t\t<form class=\"elementor-form\" method=\"post\" name=\"New Form\" aria-label=\"New Form\">\n\t\t\t<input type=\"hidden\" name=\"post_id\" value=\"35\"\/>\n\t\t\t<input type=\"hidden\" name=\"form_id\" value=\"58c7fe42\"\/>\n\t\t\t<input type=\"hidden\" name=\"referer_title\" value=\"Kapcsolat - Posner Bistro &amp; Bar\" \/>\n\n\t\t\t\t\t\t\t<input type=\"hidden\" name=\"queried_id\" value=\"35\"\/>\n\t\t\t\n\t\t\t<div class=\"elementor-form-fields-wrapper elementor-labels-\">\n\t\t\t\t\t\t\t\t<div class=\"elementor-field-type-text elementor-field-group elementor-column elementor-field-group-name elementor-col-50 elementor-field-required\">\n\t\t\t\t\t\t\t\t\t\t\t\t<label for=\"form-field-name\" class=\"elementor-field-label elementor-screen-only\">\n\t\t\t\t\t\t\t\tVezet\u00e9kn\u00e9v\t\t\t\t\t\t\t<\/label>\n\t\t\t\t\t\t\t\t\t\t\t\t\t\t<input size=\"1\" type=\"text\" name=\"form_fields[name]\" id=\"form-field-name\" class=\"elementor-field elementor-size-sm  elementor-field-textual\" placeholder=\"Vezet\u00e9kn\u00e9v\" required=\"required\">\n\t\t\t\t\t\t\t\t\t\t\t<\/div>\n\t\t\t\t\t\t\t\t<div class=\"elementor-field-type-text elementor-field-group elementor-column elementor-field-group-field_3 elementor-col-50 elementor-field-required\">\n\t\t\t\t\t\t\t\t\t\t\t\t<label for=\"form-field-field_3\" class=\"elementor-field-label elementor-screen-only\">\n\t\t\t\t\t\t\t\tKeresztn\u00e9v\t\t\t\t\t\t\t<\/label>\n\t\t\t\t\t\t\t\t\t\t\t\t\t\t<input size=\"1\" type=\"text\" name=\"form_fields[field_3]\" id=\"form-field-field_3\" class=\"elementor-field elementor-size-sm  elementor-field-textual\" placeholder=\"Keresztn\u00e9v\" required=\"required\">\n\t\t\t\t\t\t\t\t\t\t\t<\/div>\n\t\t\t\t\t\t\t\t<div class=\"elementor-field-type-tel elementor-field-group elementor-column elementor-field-group-field_2 elementor-col-50 elementor-field-required\">\n\t\t\t\t\t\t\t\t\t\t\t\t<label for=\"form-field-field_2\" class=\"elementor-field-label elementor-screen-only\">\n\t\t\t\t\t\t\t\tTelefonsz\u00e1m\t\t\t\t\t\t\t<\/label>\n\t\t\t\t\t\t\t\t<input size=\"1\" type=\"tel\" name=\"form_fields[field_2]\" id=\"form-field-field_2\" class=\"elementor-field elementor-size-sm  elementor-field-textual\" placeholder=\"Telefonsz\u00e1m\" required=\"required\" pattern=\"[0-9()#&amp;+*-=.]+\" title=\"Only numbers and phone characters (#, -, *, etc) are accepted.\">\n\n\t\t\t\t\t\t<\/div>\n\t\t\t\t\t\t\t\t<div class=\"elementor-field-type-email elementor-field-group elementor-column elementor-field-group-field_1 elementor-col-50 elementor-field-required\">\n\t\t\t\t\t\t\t\t\t\t\t\t<label for=\"form-field-field_1\" class=\"elementor-field-label elementor-screen-only\">\n\t\t\t\t\t\t\t\tE-mail\t\t\t\t\t\t\t<\/label>\n\t\t\t\t\t\t\t\t\t\t\t\t\t\t<input size=\"1\" type=\"email\" name=\"form_fields[field_1]\" id=\"form-field-field_1\" class=\"elementor-field elementor-size-sm  elementor-field-textual\" placeholder=\"E-mail\" required=\"required\">\n\t\t\t\t\t\t\t\t\t\t\t<\/div>\n\t\t\t\t\t\t\t\t<div class=\"elementor-field-type-textarea elementor-field-group elementor-column elementor-field-group-field_4 elementor-col-100\">\n\t\t\t\t\t\t\t\t\t\t\t\t<label for=\"form-field-field_4\" class=\"elementor-field-label elementor-screen-only\">\n\t\t\t\t\t\t\t\t\u00dczenet\t\t\t\t\t\t\t<\/label>\n\t\t\t\t\t\t<textarea class=\"elementor-field-textual elementor-field  elementor-size-sm\" name=\"form_fields[field_4]\" id=\"form-field-field_4\" rows=\"4\" placeholder=\"\u00dczenet\"><\/textarea>\t\t\t\t<\/div>\n\t\t\t\t\t\t\t\t<div class=\"elementor-field-group elementor-column elementor-field-type-submit elementor-col-100 e-form__buttons\">\n\t\t\t\t\t<button class=\"elementor-button elementor-size-sm\" type=\"submit\">\n\t\t\t\t\t\t<span class=\"elementor-button-content-wrapper\">\n\t\t\t\t\t\t\t\t\t\t\t\t\t\t\t<span class=\"elementor-button-icon\">\n\t\t\t\t\t\t\t\t\t<i aria-hidden=\"true\" class=\"fas fa-angle-right\"><\/i>\t\t\t\t\t\t\t\t\t\t\t\t\t\t\t\t\t<\/span>\n\t\t\t\t\t\t\t\t\t\t\t\t\t\t\t\t\t\t\t\t\t\t<span class=\"elementor-button-text\">K\u00fcld\u00e9s<\/span>\n\t\t\t\t\t\t\t\t\t\t\t\t\t<\/span>\n\t\t\t\t\t<\/button>\n\t\t\t\t<\/div>\n\t\t\t<\/div>\n\t\t<\/form>\n\t\t\t\t\t\t<\/div>\n\t\t\t\t<\/div>\n\t\t\t\t\t<\/div>\n\t\t<\/div>\n\t\t\t\t<div class=\"elementor-column elementor-col-50 elementor-top-column elementor-element elementor-element-30bb913b\" data-id=\"30bb913b\" data-element_type=\"column\" data-e-type=\"column\">\n\t\t\t<div class=\"elementor-widget-wrap elementor-element-populated\">\n\t\t\t\t\t\t<div class=\"elementor-element elementor-element-3f1f1e7c elementor-widget elementor-widget-google_maps\" data-id=\"3f1f1e7c\" data-element_type=\"widget\" data-e-type=\"widget\" data-settings=\"{&quot;motion_fx_motion_fx_scrolling&quot;:&quot;yes&quot;,&quot;motion_fx_translateY_effect&quot;:&quot;yes&quot;,&quot;motion_fx_translateY_direction&quot;:&quot;negative&quot;,&quot;motion_fx_translateY_speed&quot;:{&quot;unit&quot;:&quot;px&quot;,&quot;size&quot;:&quot;1&quot;,&quot;sizes&quot;:[]},&quot;motion_fx_translateY_affectedRange&quot;:{&quot;unit&quot;:&quot;%&quot;,&quot;size&quot;:&quot;&quot;,&quot;sizes&quot;:{&quot;start&quot;:0,&quot;end&quot;:100}},&quot;motion_fx_devices&quot;:[&quot;desktop&quot;,&quot;tablet&quot;,&quot;mobile&quot;]}\" data-widget_type=\"google_maps.default\">\n\t\t\t\t<div class=\"elementor-widget-container\">\n\t\t\t\t\t\t\t<div class=\"elementor-custom-embed\">\n\t\t\t<iframe loading=\"lazy\"\n\t\t\t\t\tsrc=\"https:\/\/maps.google.com\/maps?q=1067%20Budapest%2C%20Csengery%20utca%2031.&#038;t=m&#038;z=15&#038;output=embed&#038;iwloc=near\"\n\t\t\t\t\ttitle=\"1067 Budapest, Csengery utca 31.\"\n\t\t\t\t\taria-label=\"1067 Budapest, Csengery utca 31.\"\n\t\t\t><\/iframe>\n\t\t<\/div>\n\t\t\t\t\t\t<\/div>\n\t\t\t\t<\/div>\n\t\t\t\t\t<\/div>\n\t\t<\/div>\n\t\t\t\t\t<\/div>\n\t\t<\/section>\n\t\t\t\t<section class=\"elementor-section elementor-top-section elementor-element elementor-element-6d53d84e elementor-section-boxed elementor-section-height-default elementor-section-height-default\" data-id=\"6d53d84e\" data-element_type=\"section\" data-e-type=\"section\" data-settings=\"{&quot;motion_fx_motion_fx_scrolling&quot;:&quot;yes&quot;,&quot;motion_fx_translateY_effect&quot;:&quot;yes&quot;,&quot;motion_fx_translateY_direction&quot;:&quot;negative&quot;,&quot;motion_fx_translateY_speed&quot;:{&quot;unit&quot;:&quot;px&quot;,&quot;size&quot;:&quot;1&quot;,&quot;sizes&quot;:[]},&quot;motion_fx_translateY_affectedRange&quot;:{&quot;unit&quot;:&quot;%&quot;,&quot;size&quot;:&quot;&quot;,&quot;sizes&quot;:{&quot;start&quot;:0,&quot;end&quot;:100}},&quot;motion_fx_devices&quot;:[&quot;desktop&quot;,&quot;tablet&quot;,&quot;mobile&quot;]}\">\n\t\t\t\t\t\t<div class=\"elementor-container elementor-column-gap-default\">\n\t\t\t\t\t<div class=\"elementor-column elementor-col-33 elementor-top-column elementor-element elementor-element-6ae2288d\" data-id=\"6ae2288d\" data-element_type=\"column\" data-e-type=\"column\">\n\t\t\t<div class=\"elementor-widget-wrap elementor-element-populated\">\n\t\t\t\t\t\t<div class=\"elementor-element elementor-element-54bd25e6 elementor-position-inline-start elementor-view-default elementor-mobile-position-block-start elementor-widget elementor-widget-icon-box\" data-id=\"54bd25e6\" data-element_type=\"widget\" data-e-type=\"widget\" data-widget_type=\"icon-box.default\">\n\t\t\t\t<div class=\"elementor-widget-container\">\n\t\t\t\t\t\t\t<div class=\"elementor-icon-box-wrapper\">\n\n\t\t\t\t\t\t<div class=\"elementor-icon-box-icon\">\n\t\t\t\t<span  class=\"elementor-icon\">\n\t\t\t\t<svg xmlns=\"http:\/\/www.w3.org\/2000\/svg\" id=\"bab5aae0-1674-415e-bec1-afcc42ef98e7\" data-name=\"Layer 1\" width=\"60\" height=\"60\" viewBox=\"0 0 60 60\"><title>OPENING HOURS icon<\/title><path d=\"M51.2132,8.7868A30,30,0,1,0,8.7868,51.2132,30,30,0,1,0,51.2132,8.7868ZM30,58.0851A28.0851,28.0851,0,1,1,58.0851,30,28.1167,28.1167,0,0,1,30,58.0851Z\"><\/path><path d=\"M33.569,30.4323,45.7238,18.2775a.9431.9431,0,0,0,0-1.3337l-2.6675-2.6676a.9431.9431,0,0,0-1.3337,0l-9.5588,9.5589a.943.943,0,0,0,1.3336,1.3337l8.8919-8.892,1.3338,1.3338L33.1817,28.152a3.466,3.466,0,0,0-2.4228-1.721l-8.1536-8.1537a.9431.9431,0,0,0-1.3337,0l-2.6675,2.6675a.9431.9431,0,0,0,0,1.3337l8.1537,8.1536a3.4318,3.4318,0,0,0,.3872,1.0891L17.2762,41.39A.9431.9431,0,0,0,18.61,42.7238l9.8688-9.8689a3.455,3.455,0,0,0,5.09-2.4226Zm-6.4241-2.28-6.54-6.54,1.3338-1.3338,6.54,6.54A3.4825,3.4825,0,0,0,27.1449,28.1519Zm3.0185,3.2565a1.5719,1.5719,0,1,1,1.5718-1.5719A1.5663,1.5663,0,0,1,30.1634,31.4084Z\"><\/path><path d=\"M31,13V9a1,1,0,0,0-2,0v4a1,1,0,0,0,2,0Z\"><\/path><path d=\"M47,31h4a1,1,0,0,0,0-2H47a1,1,0,0,0,0,2Z\"><\/path><path d=\"M29,47v4a1,1,0,0,0,2,0V47a1,1,0,0,0-2,0Z\"><\/path><path d=\"M9,29a1,1,0,0,0,0,2h4a1,1,0,0,0,0-2Z\"><\/path><path d=\"M30,4A26,26,0,1,0,46.9272,49.7191a.9512.9512,0,1,0-1.24-1.4427,24.1258,24.1258,0,1,1,2.5894-2.5893.9513.9513,0,0,0,1.4427,1.24A25.9866,25.9866,0,0,0,30,4Z\"><\/path><\/svg>\t\t\t\t<\/span>\n\t\t\t<\/div>\n\t\t\t\n\t\t\t\t\t\t<div class=\"elementor-icon-box-content\">\n\n\t\t\t\t\t\t\t\t\t<h3 class=\"elementor-icon-box-title\">\n\t\t\t\t\t\t<span  >\n\t\t\t\t\t\t\tNYITVA TART\u00c1S\t\t\t\t\t\t<\/span>\n\t\t\t\t\t<\/h3>\n\t\t\t\t\n\t\t\t\t\t\t\t\t\t<p class=\"elementor-icon-box-description\">\n\t\t\t\t\t\tH\u00e9tf\u0151t\u0151l vas\u00e1rnapig <br>\n07:00 \u2013 10:30 reggeli<br>\n12:00 \u2013 22:00 eb\u00e9d \u00e9s vacsora<br>\n12:00 \u2013 23:00 b\u00e1r\n\t\t\t\t\t<\/p>\n\t\t\t\t\n\t\t\t<\/div>\n\t\t\t\n\t\t<\/div>\n\t\t\t\t\t\t<\/div>\n\t\t\t\t<\/div>\n\t\t\t\t\t<\/div>\n\t\t<\/div>\n\t\t\t\t<div class=\"elementor-column elementor-col-33 elementor-top-column elementor-element elementor-element-30df6c0c\" data-id=\"30df6c0c\" data-element_type=\"column\" data-e-type=\"column\">\n\t\t\t<div class=\"elementor-widget-wrap elementor-element-populated\">\n\t\t\t\t\t\t<div class=\"elementor-element elementor-element-7a09d238 elementor-position-inline-start elementor-view-default elementor-mobile-position-block-start elementor-widget elementor-widget-icon-box\" data-id=\"7a09d238\" data-element_type=\"widget\" data-e-type=\"widget\" data-widget_type=\"icon-box.default\">\n\t\t\t\t<div class=\"elementor-widget-container\">\n\t\t\t\t\t\t\t<div class=\"elementor-icon-box-wrapper\">\n\n\t\t\t\t\t\t<div class=\"elementor-icon-box-icon\">\n\t\t\t\t<span  class=\"elementor-icon\">\n\t\t\t\t<svg xmlns=\"http:\/\/www.w3.org\/2000\/svg\" id=\"a45316fc-c164-48ff-9ecb-548d1c93f18e\" data-name=\"Layer 1\" width=\"59\" height=\"59\" viewBox=\"0 0 59 59\"><title>Phone icon<\/title><path d=\"M58.084,46.314l-11.13-11.13a3.1287,3.1287,0,0,0-4.4227,0l-6.94,6.94a40.0162,40.0162,0,0,1-7.8546-5.0874,1.1354,1.1354,0,0,0-1.4637,1.7362,44.2288,44.2288,0,0,0,9.0114,5.7508,1.1353,1.1353,0,0,0,1.324-.2058l3.7341-3.7335,12.31,12.31c-3.9761,3.4133-9.6071,4.6017-16,3.3448-7.19-1.414-14.7985-5.8408-21.4238-12.4661S4.1757,29.5386,2.7617,22.3486c-1.2569-6.3938-.0685-12.0248,3.3441-16L18.4176,18.66l-3.7352,3.7347a1.1352,1.1352,0,0,0-.2052,1.3246,42.12,42.12,0,0,0,8.6554,12.1505,1.1354,1.1354,0,0,0,1.6057-1.6058,38.5881,38.5881,0,0,1-7.8615-10.8516L23.8177,16.47a3.1273,3.1273,0,0,0,0-4.4227L12.6867.9166A3.1265,3.1265,0,0,0,8.264.916L5.2717,3.9083C.718,8.462-.9648,15.1668.5333,22.7864c1.5,7.6278,6.1483,15.6514,13.0893,22.5924S28.5865,56.9675,36.2142,58.4669A27.3421,27.3421,0,0,0,41.488,59a18.7388,18.7388,0,0,0,13.6043-5.2715l2.9917-2.9917a3.1274,3.1274,0,0,0,0-4.4228ZM9.87,2.5217a.8567.8567,0,0,1,1.2111,0L22.2125,13.6534a.8566.8566,0,0,1,0,1.2112l-2.1891,2.1891L7.6806,4.7109ZM56.4788,49.131l-2.19,2.1891L41.9481,38.9785l2.1892-2.1891a.8564.8564,0,0,1,1.2111,0l11.13,11.13A.8583.8583,0,0,1,56.4788,49.131Z\" transform=\"translate(0)\"><\/path><\/svg>\t\t\t\t<\/span>\n\t\t\t<\/div>\n\t\t\t\n\t\t\t\t\t\t<div class=\"elementor-icon-box-content\">\n\n\t\t\t\t\t\t\t\t\t<h3 class=\"elementor-icon-box-title\">\n\t\t\t\t\t\t<span  >\n\t\t\t\t\t\t\tH\u00cdVJ MINKET\t\t\t\t\t\t<\/span>\n\t\t\t\t\t<\/h3>\n\t\t\t\t\n\t\t\t\t\t\t\t\t\t<p class=\"elementor-icon-box-description\">\n\t\t\t\t\t\t+36 30 181 3988\t\t\t\t\t<\/p>\n\t\t\t\t\n\t\t\t<\/div>\n\t\t\t\n\t\t<\/div>\n\t\t\t\t\t\t<\/div>\n\t\t\t\t<\/div>\n\t\t\t\t\t<\/div>\n\t\t<\/div>\n\t\t\t\t<div class=\"elementor-column elementor-col-33 elementor-top-column elementor-element elementor-element-f234279\" data-id=\"f234279\" data-element_type=\"column\" data-e-type=\"column\">\n\t\t\t<div class=\"elementor-widget-wrap elementor-element-populated\">\n\t\t\t\t\t\t<div class=\"elementor-element elementor-element-24f5153c elementor-position-inline-start elementor-view-default elementor-mobile-position-block-start elementor-widget elementor-widget-icon-box\" data-id=\"24f5153c\" data-element_type=\"widget\" data-e-type=\"widget\" data-widget_type=\"icon-box.default\">\n\t\t\t\t<div class=\"elementor-widget-container\">\n\t\t\t\t\t\t\t<div class=\"elementor-icon-box-wrapper\">\n\n\t\t\t\t\t\t<div class=\"elementor-icon-box-icon\">\n\t\t\t\t<span  class=\"elementor-icon\">\n\t\t\t\t<svg xmlns=\"http:\/\/www.w3.org\/2000\/svg\" id=\"be038b4d-830e-4cbc-8ae3-63b3b68c063d\" data-name=\"Layer 1\" width=\"41.8891\" height=\"59.9999\" viewBox=\"0 0 41.8891 59.9999\"><title>ADDRESS icon<\/title><path d=\"M28.5335,49.2449c1.1062-1.0417,2.1674-2.1328,3.159-3.2487A42.7863,42.7863,0,0,0,38.69,35.4151,34.6213,34.6213,0,0,0,41.8892,20.933,20.9446,20.9446,0,0,0,0,20.933,32.6425,32.6425,0,0,0,3.2684,34.8813a1.1175,1.1175,0,0,0,1.0073.6387,1.1123,1.1123,0,0,0,1.006-1.5855A30.4377,30.4377,0,0,1,2.2249,20.933a18.72,18.72,0,0,1,37.4392,0A32.4127,32.4127,0,0,1,36.68,34.4612a40.5294,40.5294,0,0,1-6.6142,10.0171,47.9408,47.9408,0,0,1-9.0625,7.9485A64.1144,64.1144,0,0,1,7.02,37.1835a1.1123,1.1123,0,1,0-1.8885,1.1758,59.3989,59.3989,0,0,0,8.7934,10.786,38.6982,38.6982,0,0,0-7.5014,1.41c-3.0333.9605-4.5734,2.2391-4.5777,3.8-.0048,1.8084,2.0476,3.243,6.1,4.2642A56.2435,56.2435,0,0,0,20.9318,60h.1959a55.965,55.965,0,0,0,12.7929-1.3118c4.0579-1,6.1179-2.4234,6.1228-4.2318C40.052,51.1387,33.06,49.7778,28.5335,49.2449Zm4.8544,7.2844a53.677,53.677,0,0,1-12.2507,1.2471l-.2016,0A53.9584,53.9584,0,0,1,8.49,56.4637c-3.5987-.9068-4.401-1.89-4.4189-2.1016,0-.1737.5129-.8406,2.784-1.5984a37.7388,37.7388,0,0,1,9.2373-1.5713c2.3376,2.1177,4.0105,3.3533,4.1954,3.4885a1.1135,1.1135,0,0,0,1.2256.0584,40.3571,40.3571,0,0,0,4.7582-3.4859,34.65,34.65,0,0,1,9.1624,1.7145c1.9613.7335,2.3846,1.3659,2.3846,1.481C37.7994,54.6624,36.9916,55.6415,33.3879,56.5293Z\" transform=\"translate(-0.0001 -0.0001)\" style=\"fill-rule:evenodd\"><\/path><path d=\"M21.111,14.2668a6.778,6.778,0,0,1,6.6259,5.1455,1.1413,1.1413,0,0,0,1.1146.8675,1.1638,1.1638,0,0,0,.27-.032,1.1383,1.1383,0,0,0,.71-.5109,1.1148,1.1148,0,0,0,.1361-.857,9.0018,9.0018,0,1,0-.042,4.4043,1.1129,1.1129,0,0,0-.12-.8594,1.1378,1.1378,0,0,0-.7-.5239,1.1635,1.1635,0,0,0-.2913-.0372,1.1451,1.1451,0,0,0-1.1091.8467,6.8058,6.8058,0,1,1-6.5947-8.4436Z\" transform=\"translate(-0.0001 -0.0001)\" style=\"fill-rule:evenodd\"><\/path><\/svg>\t\t\t\t<\/span>\n\t\t\t<\/div>\n\t\t\t\n\t\t\t\t\t\t<div class=\"elementor-icon-box-content\">\n\n\t\t\t\t\t\t\t\t\t<h3 class=\"elementor-icon-box-title\">\n\t\t\t\t\t\t<span  >\n\t\t\t\t\t\t\tC\u00cdM\t\t\t\t\t\t<\/span>\n\t\t\t\t\t<\/h3>\n\t\t\t\t\n\t\t\t\t\t\t\t\t\t<p class=\"elementor-icon-box-description\">\n\t\t\t\t\t\t1067 Budapest, Csengery utca 31.\t\t\t\t\t<\/p>\n\t\t\t\t\n\t\t\t<\/div>\n\t\t\t\n\t\t<\/div>\n\t\t\t\t\t\t<\/div>\n\t\t\t\t<\/div>\n\t\t\t\t\t<\/div>\n\t\t<\/div>\n\t\t\t\t\t<\/div>\n\t\t<\/section>\n\t\t\t\t<section class=\"elementor-section elementor-top-section elementor-element elementor-element-660ebc3e elementor-section-boxed elementor-section-height-default elementor-section-height-default\" data-id=\"660ebc3e\" data-element_type=\"section\" data-e-type=\"section\">\n\t\t\t\t\t\t<div class=\"elementor-container elementor-column-gap-default\">\n\t\t\t\t\t<div class=\"elementor-column elementor-col-100 elementor-top-column elementor-element elementor-element-201bb653\" data-id=\"201bb653\" data-element_type=\"column\" data-e-type=\"column\">\n\t\t\t<div class=\"elementor-widget-wrap elementor-element-populated\">\n\t\t\t\t\t\t<div class=\"elementor-element elementor-element-838f6e elementor-cta--skin-cover elementor-cta--valign-top elementor-widget elementor-widget-call-to-action\" data-id=\"838f6e\" data-element_type=\"widget\" data-e-type=\"widget\" data-widget_type=\"call-to-action.default\">\n\t\t\t\t<div class=\"elementor-widget-container\">\n\t\t\t\t\t\t\t<div class=\"elementor-cta\">\n\t\t\t\t\t<div class=\"elementor-cta__bg-wrapper\">\n\t\t\t\t<div class=\"elementor-cta__bg elementor-bg\" style=\"background-image: url(https:\/\/posnerbistro.hu\/wp-content\/uploads\/2024\/12\/Hazi-szelesmetelt_4-1.jpg);\" role=\"img\" aria-label=\"H\u00e1zi sz\u00e9lesmet\u00e9lt - Posner Bistro\"><\/div>\n\t\t\t\t<div class=\"elementor-cta__bg-overlay\"><\/div>\n\t\t\t<\/div>\n\t\t\t\t\t\t\t<div class=\"elementor-cta__content\">\n\t\t\t\t\n\t\t\t\t\t\t\t\t\t<h2 class=\"elementor-cta__title elementor-cta__content-item elementor-content-item\">\n\t\t\t\t\t\t\u201cHunger Is The Best Sauce\u201d\t\t\t\t\t<\/h2>\n\t\t\t\t\n\t\t\t\t\t\t\t\t\t<div class=\"elementor-cta__description elementor-cta__content-item elementor-content-item\">\n\t\t\t\t\t\tMiguel De Cervantes\t\t\t\t\t<\/div>\n\t\t\t\t\n\t\t\t\t\t\t\t<\/div>\n\t\t\t\t\t\t<\/div>\n\t\t\t\t\t\t<\/div>\n\t\t\t\t<\/div>\n\t\t\t\t\t<\/div>\n\t\t<\/div>\n\t\t\t\t\t<\/div>\n\t\t<\/section>\n\t\t<div class=\"elementor-element elementor-element-06e978c e-flex e-con-boxed e-con e-parent\" data-id=\"06e978c\" data-element_type=\"container\" data-e-type=\"container\">\n\t\t\t\t\t<div class=\"e-con-inner\">\n\t\t\t\t<div class=\"elementor-element elementor-element-20c0a65 elementor-bg-transform elementor-bg-transform-move-down elementor-cta--skin-classic elementor-animated-content elementor-widget elementor-widget-call-to-action\" data-id=\"20c0a65\" data-element_type=\"widget\" data-e-type=\"widget\" data-widget_type=\"call-to-action.default\">\n\t\t\t\t<div class=\"elementor-widget-container\">\n\t\t\t\t\t\t\t<div class=\"elementor-cta\">\n\t\t\t\t\t<div class=\"elementor-cta__bg-wrapper\">\n\t\t\t\t<div class=\"elementor-cta__bg elementor-bg\" style=\"background-image: url(https:\/\/posnerbistro.hu\/wp-content\/uploads\/2023\/12\/bar_women_4-1024x728.jpg);\" role=\"img\" aria-label=\"bar_women_4\"><\/div>\n\t\t\t\t<div class=\"elementor-cta__bg-overlay\"><\/div>\n\t\t\t<\/div>\n\t\t\t\t\t\t\t<div class=\"elementor-cta__content\">\n\t\t\t\t\n\t\t\t\t\t\t\t\t\t<h2 class=\"elementor-cta__title elementor-cta__content-item elementor-content-item\">\n\t\t\t\t\t\t\u00c9rezd j\u00f3l magad n\u00e1lunk!\t\t\t\t\t<\/h2>\n\t\t\t\t\n\t\t\t\t\t\t\t\t\t<div class=\"elementor-cta__description elementor-cta__content-item elementor-content-item\">\n\t\t\t\t\t\tNagyobb t\u00e1rsas\u00e1ggal j\u00f6nn\u00e9l? \u00c9rdemes asztalt foglalni!\t\t\t\t\t<\/div>\n\t\t\t\t\n\t\t\t\t\t\t\t\t\t<div class=\"elementor-cta__button-wrapper elementor-cta__content-item elementor-content-item \">\n\t\t\t\t\t<a class=\"elementor-cta__button elementor-button elementor-size-\" href=\"https:\/\/reservation.dish.co\/landingPage\/hydra-817fcf90-b0e1-11ec-be9f-8b82e78d7354\" target=\"_blank\" rel=\"noopener\">\n\t\t\t\t\t\tASZTALFOGLAL\u00c1S\t\t\t\t\t<\/a>\n\t\t\t\t\t<\/div>\n\t\t\t\t\t\t\t<\/div>\n\t\t\t\t\t\t<\/div>\n\t\t\t\t\t\t<\/div>\n\t\t\t\t<\/div>\n\t\t\t\t\t<\/div>\n\t\t\t\t<\/div>\n\t\t<div class=\"elementor-element elementor-element-7d14914 e-flex e-con-boxed e-con e-parent\" data-id=\"7d14914\" data-element_type=\"container\" data-e-type=\"container\">\n\t\t\t\t\t<div class=\"e-con-inner\">\n\t\t\t\t<div class=\"elementor-element elementor-element-e8e67e2 elementor-widget elementor-widget-shortcode\" data-id=\"e8e67e2\" data-element_type=\"widget\" data-e-type=\"widget\" data-widget_type=\"shortcode.default\">\n\t\t\t\t<div class=\"elementor-widget-container\">\n\t\t\t\t\t\t\t<div class=\"elementor-shortcode\"><div id=\"trustindex-feed-container-instagram-8669fde31b3831d\"><\/div><\/div>\n\t\t\t\t\t\t<\/div>\n\t\t\t\t<\/div>\n\t\t\t\t\t<\/div>\n\t\t\t\t<\/div>\n\t\t\t\t<\/div>\n\t\t","protected":false},"excerpt":{"rendered":"<p>KAPCSOLAT Vegye fel vel\u00fcnk a kapcsolatot OPENING HOURS icon NYITVA TART\u00c1S H\u00e9tf\u0151t\u0151l vas\u00e1rnapig 07:00 \u2013 10:30 reggeli 12:00 \u2013 22:00 eb\u00e9d \u00e9s vacsora 12:00 \u2013 23:00 b\u00e1r Phone icon H\u00cdVJ MINKET +36 30 181 3988 ADDRESS icon C\u00cdM 1067 Budapest, Csengery utca 31. \u201cHunger Is The Best Sauce\u201d Miguel De Cervantes \u00c9rezd j\u00f3l magad n\u00e1lunk! [&hellip;]<\/p>\n","protected":false},"author":2,"featured_media":0,"parent":0,"menu_order":0,"comment_status":"closed","ping_status":"closed","template":"elementor_header_footer","meta":{"footnotes":""},"class_list":["post-35","page","type-page","status-publish","hentry"],"_links":{"self":[{"href":"https:\/\/posnerbistro.hu\/en\/wp-json\/wp\/v2\/pages\/35","targetHints":{"allow":["GET"]}}],"collection":[{"href":"https:\/\/posnerbistro.hu\/en\/wp-json\/wp\/v2\/pages"}],"about":[{"href":"https:\/\/posnerbistro.hu\/en\/wp-json\/wp\/v2\/types\/page"}],"author":[{"embeddable":true,"href":"https:\/\/posnerbistro.hu\/en\/wp-json\/wp\/v2\/users\/2"}],"replies":[{"embeddable":true,"href":"https:\/\/posnerbistro.hu\/en\/wp-json\/wp\/v2\/comments?post=35"}],"version-history":[{"count":50,"href":"https:\/\/posnerbistro.hu\/en\/wp-json\/wp\/v2\/pages\/35\/revisions"}],"predecessor-version":[{"id":4172,"href":"https:\/\/posnerbistro.hu\/en\/wp-json\/wp\/v2\/pages\/35\/revisions\/4172"}],"wp:attachment":[{"href":"https:\/\/posnerbistro.hu\/en\/wp-json\/wp\/v2\/media?parent=35"}],"curies":[{"name":"wp","href":"https:\/\/api.w.org\/{rel}","templated":true}]}}