{"id":3003,"date":"2024-12-02T11:59:42","date_gmt":"2024-12-02T10:59:42","guid":{"rendered":"https:\/\/posnerbistro.hu\/?page_id=3003"},"modified":"2025-08-20T09:17:52","modified_gmt":"2025-08-20T07:17:52","slug":"etelek","status":"publish","type":"page","link":"https:\/\/posnerbistro.hu\/en\/galeria\/etelek\/","title":{"rendered":"Food"},"content":{"rendered":"<div data-elementor-type=\"wp-page\" data-elementor-id=\"3003\" class=\"elementor elementor-3003\" data-elementor-post-type=\"page\">\n\t\t\t\t\t\t<section class=\"elementor-section elementor-top-section elementor-element elementor-element-16c63f19 elementor-section-boxed elementor-section-height-default elementor-section-height-default\" data-id=\"16c63f19\" data-element_type=\"section\" data-e-type=\"section\">\n\t\t\t\t\t\t<div class=\"elementor-container elementor-column-gap-default\">\n\t\t\t\t\t<div class=\"elementor-column elementor-col-100 elementor-top-column elementor-element elementor-element-2e111913\" data-id=\"2e111913\" data-element_type=\"column\" data-e-type=\"column\">\n\t\t\t<div class=\"elementor-widget-wrap elementor-element-populated\">\n\t\t\t\t\t\t<div class=\"elementor-element elementor-element-7222cead elementor-widget elementor-widget-gallery\" data-id=\"7222cead\" data-element_type=\"widget\" data-e-type=\"widget\" data-settings=\"{&quot;gallery_layout&quot;:&quot;masonry&quot;,&quot;columns&quot;:3,&quot;lazyload&quot;:&quot;yes&quot;,&quot;columns_tablet&quot;:2,&quot;columns_mobile&quot;:1,&quot;gap&quot;:{&quot;unit&quot;:&quot;px&quot;,&quot;size&quot;:10,&quot;sizes&quot;:[]},&quot;gap_tablet&quot;:{&quot;unit&quot;:&quot;px&quot;,&quot;size&quot;:10,&quot;sizes&quot;:[]},&quot;gap_mobile&quot;:{&quot;unit&quot;:&quot;px&quot;,&quot;size&quot;:10,&quot;sizes&quot;:[]},&quot;link_to&quot;:&quot;file&quot;,&quot;overlay_background&quot;:&quot;yes&quot;,&quot;content_hover_animation&quot;:&quot;fade-in&quot;}\" data-widget_type=\"gallery.default\">\n\t\t\t\t<div class=\"elementor-widget-container\">\n\t\t\t\t\t\t\t<div class=\"elementor-gallery__container\">\n\t\t\t\t\t\t\t<a class=\"e-gallery-item elementor-gallery-item elementor-animated-content\" href=\"https:\/\/posnerbistro.hu\/wp-content\/uploads\/2024\/12\/Bruscetta-caprese_1-1.jpg\" data-elementor-open-lightbox=\"yes\" data-elementor-lightbox-slideshow=\"7222cead\" data-elementor-lightbox-title=\"Bruscetta caprese - Posner Bistro Budapest\" data-e-action-hash=\"#elementor-action%3Aaction%3Dlightbox%26settings%3DeyJpZCI6MzAwOSwidXJsIjoiaHR0cHM6XC9cL3Bvc25lcmJpc3Ryby5odVwvd3AtY29udGVudFwvdXBsb2Fkc1wvMjAyNFwvMTJcL0JydXNjZXR0YS1jYXByZXNlXzEtMS5qcGciLCJzbGlkZXNob3ciOiI3MjIyY2VhZCJ9\">\n\t\t\t\t\t<div class=\"e-gallery-image elementor-gallery-item__image\" data-thumbnail=\"https:\/\/posnerbistro.hu\/wp-content\/uploads\/2024\/12\/Bruscetta-caprese_1-1-1024x683.jpg\" data-width=\"800\" data-height=\"534\" aria-label=\"Bruscetta Caprese - Posner Bistro Budapest\" role=\"img\" ><\/div>\n\t\t\t\t\t\t\t\t\t\t\t<div class=\"elementor-gallery-item__overlay\"><\/div>\n\t\t\t\t\t\t\t\t\t\t\t\t\t\t<\/a>\n\t\t\t\t\t\t\t<a class=\"e-gallery-item elementor-gallery-item elementor-animated-content\" href=\"https:\/\/posnerbistro.hu\/wp-content\/uploads\/2025\/08\/0012-Fustolt-Lazac-avokado-toast-k.jpg\" data-elementor-open-lightbox=\"yes\" data-elementor-lightbox-slideshow=\"7222cead\" data-elementor-lightbox-title=\"F\u00fcst\u00f6lt Lazac Avok\u00e1d\u00f3 Toast - Posner Bistro Budapest\" data-e-action-hash=\"#elementor-action%3Aaction%3Dlightbox%26settings%3DeyJpZCI6MzU4NSwidXJsIjoiaHR0cHM6XC9cL3Bvc25lcmJpc3Ryby5odVwvd3AtY29udGVudFwvdXBsb2Fkc1wvMjAyNVwvMDhcLzAwMTItRnVzdG9sdC1MYXphYy1hdm9rYWRvLXRvYXN0LWsuanBnIiwic2xpZGVzaG93IjoiNzIyMmNlYWQifQ%3D%3D\">\n\t\t\t\t\t<div class=\"e-gallery-image elementor-gallery-item__image\" data-thumbnail=\"https:\/\/posnerbistro.hu\/wp-content\/uploads\/2025\/08\/0012-Fustolt-Lazac-avokado-toast-k-1024x683.jpg\" data-width=\"800\" data-height=\"534\" aria-label=\"F\u00fcst\u00f6lt Lazac Avok\u00e1d\u00f3 Toast - Posner Bistro Budapest\" role=\"img\" ><\/div>\n\t\t\t\t\t\t\t\t\t\t\t<div class=\"elementor-gallery-item__overlay\"><\/div>\n\t\t\t\t\t\t\t\t\t\t\t\t\t\t<\/a>\n\t\t\t\t\t\t\t<a class=\"e-gallery-item elementor-gallery-item elementor-animated-content\" href=\"https:\/\/posnerbistro.hu\/wp-content\/uploads\/2025\/08\/patatas-bravas.jpg\" data-elementor-open-lightbox=\"yes\" data-elementor-lightbox-slideshow=\"7222cead\" data-elementor-lightbox-title=\"Patatas Bravas - Posner Bistro Budapest\" data-e-action-hash=\"#elementor-action%3Aaction%3Dlightbox%26settings%3DeyJpZCI6MzYyOSwidXJsIjoiaHR0cHM6XC9cL3Bvc25lcmJpc3Ryby5odVwvd3AtY29udGVudFwvdXBsb2Fkc1wvMjAyNVwvMDhcL3BhdGF0YXMtYnJhdmFzLmpwZyIsInNsaWRlc2hvdyI6IjcyMjJjZWFkIn0%3D\">\n\t\t\t\t\t<div class=\"e-gallery-image elementor-gallery-item__image\" data-thumbnail=\"https:\/\/posnerbistro.hu\/wp-content\/uploads\/2025\/08\/patatas-bravas-1024x683.jpg\" data-width=\"800\" data-height=\"534\" aria-label=\"Patatas Bravas - Posner Bistro Budapest\" role=\"img\" ><\/div>\n\t\t\t\t\t\t\t\t\t\t\t<div class=\"elementor-gallery-item__overlay\"><\/div>\n\t\t\t\t\t\t\t\t\t\t\t\t\t\t<\/a>\n\t\t\t\t\t\t\t<a class=\"e-gallery-item elementor-gallery-item elementor-animated-content\" href=\"https:\/\/posnerbistro.hu\/wp-content\/uploads\/2025\/08\/pisztacias-baszk-sajttorta.jpg\" data-elementor-open-lightbox=\"yes\" data-elementor-lightbox-slideshow=\"7222cead\" data-elementor-lightbox-title=\"Piszt\u00e1ci\u00e1s Baszk sajttorta - Posner Bistro Budapest\" data-e-action-hash=\"#elementor-action%3Aaction%3Dlightbox%26settings%3DeyJpZCI6MzYyOCwidXJsIjoiaHR0cHM6XC9cL3Bvc25lcmJpc3Ryby5odVwvd3AtY29udGVudFwvdXBsb2Fkc1wvMjAyNVwvMDhcL3Bpc3p0YWNpYXMtYmFzemstc2FqdHRvcnRhLmpwZyIsInNsaWRlc2hvdyI6IjcyMjJjZWFkIn0%3D\">\n\t\t\t\t\t<div class=\"e-gallery-image elementor-gallery-item__image\" data-thumbnail=\"https:\/\/posnerbistro.hu\/wp-content\/uploads\/2025\/08\/pisztacias-baszk-sajttorta-1024x683.jpg\" data-width=\"800\" data-height=\"534\" aria-label=\"Pistachio Basque Cheesecake -  Posner Bistro Budapest\" role=\"img\" ><\/div>\n\t\t\t\t\t\t\t\t\t\t\t<div class=\"elementor-gallery-item__overlay\"><\/div>\n\t\t\t\t\t\t\t\t\t\t\t\t\t\t<\/a>\n\t\t\t\t\t\t\t<a class=\"e-gallery-item elementor-gallery-item elementor-animated-content\" href=\"https:\/\/posnerbistro.hu\/wp-content\/uploads\/2025\/08\/grillezett-lazac.jpg\" data-elementor-open-lightbox=\"yes\" data-elementor-lightbox-slideshow=\"7222cead\" data-elementor-lightbox-title=\"Grillezett Lazac - Posner Bistro Budapest\" data-e-action-hash=\"#elementor-action%3Aaction%3Dlightbox%26settings%3DeyJpZCI6MzYyNiwidXJsIjoiaHR0cHM6XC9cL3Bvc25lcmJpc3Ryby5odVwvd3AtY29udGVudFwvdXBsb2Fkc1wvMjAyNVwvMDhcL2dyaWxsZXpldHQtbGF6YWMuanBnIiwic2xpZGVzaG93IjoiNzIyMmNlYWQifQ%3D%3D\">\n\t\t\t\t\t<div class=\"e-gallery-image elementor-gallery-item__image\" data-thumbnail=\"https:\/\/posnerbistro.hu\/wp-content\/uploads\/2025\/08\/grillezett-lazac.jpg\" data-width=\"800\" data-height=\"534\" aria-label=\"Grillezett Lazac - Posner Bistro Budapest\" role=\"img\" ><\/div>\n\t\t\t\t\t\t\t\t\t\t\t<div class=\"elementor-gallery-item__overlay\"><\/div>\n\t\t\t\t\t\t\t\t\t\t\t\t\t\t<\/a>\n\t\t\t\t\t\t\t<a class=\"e-gallery-item elementor-gallery-item elementor-animated-content\" href=\"https:\/\/posnerbistro.hu\/wp-content\/uploads\/2024\/11\/Tradicionalis-gulyas-leves_3.jpg\" data-elementor-open-lightbox=\"yes\" data-elementor-lightbox-slideshow=\"7222cead\" data-elementor-lightbox-title=\"Tradicion\u00e1lis guly\u00e1sleves - Posner Bistro Budapest\" data-e-action-hash=\"#elementor-action%3Aaction%3Dlightbox%26settings%3DeyJpZCI6MjkwOCwidXJsIjoiaHR0cHM6XC9cL3Bvc25lcmJpc3Ryby5odVwvd3AtY29udGVudFwvdXBsb2Fkc1wvMjAyNFwvMTFcL1RyYWRpY2lvbmFsaXMtZ3VseWFzLWxldmVzXzMuanBnIiwic2xpZGVzaG93IjoiNzIyMmNlYWQifQ%3D%3D\">\n\t\t\t\t\t<div class=\"e-gallery-image elementor-gallery-item__image\" data-thumbnail=\"https:\/\/posnerbistro.hu\/wp-content\/uploads\/2024\/11\/Tradicionalis-gulyas-leves_3-1024x683.jpg\" data-width=\"800\" data-height=\"534\" aria-label=\"Traditional Hungarian Goulash Soup -  Posner Bistro Budapest\" role=\"img\" ><\/div>\n\t\t\t\t\t\t\t\t\t\t\t<div class=\"elementor-gallery-item__overlay\"><\/div>\n\t\t\t\t\t\t\t\t\t\t\t\t\t\t<\/a>\n\t\t\t\t\t\t\t<a class=\"e-gallery-item elementor-gallery-item elementor-animated-content\" href=\"https:\/\/posnerbistro.hu\/wp-content\/uploads\/2025\/08\/0093-pappardelle.jpg\" data-elementor-open-lightbox=\"yes\" data-elementor-lightbox-slideshow=\"7222cead\" data-elementor-lightbox-title=\"Pappardelle - Posner Bistro Budapest\" data-e-action-hash=\"#elementor-action%3Aaction%3Dlightbox%26settings%3DeyJpZCI6MzYxNCwidXJsIjoiaHR0cHM6XC9cL3Bvc25lcmJpc3Ryby5odVwvd3AtY29udGVudFwvdXBsb2Fkc1wvMjAyNVwvMDhcLzAwOTMtcGFwcGFyZGVsbGUuanBnIiwic2xpZGVzaG93IjoiNzIyMmNlYWQifQ%3D%3D\">\n\t\t\t\t\t<div class=\"e-gallery-image elementor-gallery-item__image\" data-thumbnail=\"https:\/\/posnerbistro.hu\/wp-content\/uploads\/2025\/08\/0093-pappardelle-683x1024.jpg\" data-width=\"683\" data-height=\"1024\" aria-label=\"Pappardelle - Posner Bistro Budapest\" role=\"img\" ><\/div>\n\t\t\t\t\t\t\t\t\t\t\t<div class=\"elementor-gallery-item__overlay\"><\/div>\n\t\t\t\t\t\t\t\t\t\t\t\t\t\t<\/a>\n\t\t\t\t\t\t\t<a class=\"e-gallery-item elementor-gallery-item elementor-animated-content\" href=\"https:\/\/posnerbistro.hu\/wp-content\/uploads\/2025\/08\/0079-karamellizalt-sertesszuz.jpg\" data-elementor-open-lightbox=\"yes\" data-elementor-lightbox-slideshow=\"7222cead\" data-elementor-lightbox-title=\"Karamelliz\u00e1lt Sert\u00e9ssz\u0171z - Posner Bistro Budapest\" data-e-action-hash=\"#elementor-action%3Aaction%3Dlightbox%26settings%3DeyJpZCI6MzYyMCwidXJsIjoiaHR0cHM6XC9cL3Bvc25lcmJpc3Ryby5odVwvd3AtY29udGVudFwvdXBsb2Fkc1wvMjAyNVwvMDhcLzAwNzkta2FyYW1lbGxpemFsdC1zZXJ0ZXNzenV6LmpwZyIsInNsaWRlc2hvdyI6IjcyMjJjZWFkIn0%3D\">\n\t\t\t\t\t<div class=\"e-gallery-image elementor-gallery-item__image\" data-thumbnail=\"https:\/\/posnerbistro.hu\/wp-content\/uploads\/2025\/08\/0079-karamellizalt-sertesszuz.jpg\" data-width=\"800\" data-height=\"534\" aria-label=\"Karamelliz\u00e1lt Sert\u00e9ssz\u0171z - Posner Bistro Budapest\" role=\"img\" ><\/div>\n\t\t\t\t\t\t\t\t\t\t\t<div class=\"elementor-gallery-item__overlay\"><\/div>\n\t\t\t\t\t\t\t\t\t\t\t\t\t\t<\/a>\n\t\t\t\t\t\t\t<a class=\"e-gallery-item elementor-gallery-item elementor-animated-content\" href=\"https:\/\/posnerbistro.hu\/wp-content\/uploads\/2025\/08\/klub-szendvics.jpg\" data-elementor-open-lightbox=\"yes\" data-elementor-lightbox-slideshow=\"7222cead\" data-elementor-lightbox-title=\"Klub Szendvics - Posner Bistro Budapest\" data-e-action-hash=\"#elementor-action%3Aaction%3Dlightbox%26settings%3DeyJpZCI6MzYyNSwidXJsIjoiaHR0cHM6XC9cL3Bvc25lcmJpc3Ryby5odVwvd3AtY29udGVudFwvdXBsb2Fkc1wvMjAyNVwvMDhcL2tsdWItc3plbmR2aWNzLmpwZyIsInNsaWRlc2hvdyI6IjcyMjJjZWFkIn0%3D\">\n\t\t\t\t\t<div class=\"e-gallery-image elementor-gallery-item__image\" data-thumbnail=\"https:\/\/posnerbistro.hu\/wp-content\/uploads\/2025\/08\/klub-szendvics.jpg\" data-width=\"800\" data-height=\"534\" aria-label=\"Klub Szendvics - Posner Bistro Budapest\" role=\"img\" ><\/div>\n\t\t\t\t\t\t\t\t\t\t\t<div class=\"elementor-gallery-item__overlay\"><\/div>\n\t\t\t\t\t\t\t\t\t\t\t\t\t\t<\/a>\n\t\t\t\t\t\t\t<a class=\"e-gallery-item elementor-gallery-item elementor-animated-content\" href=\"https:\/\/posnerbistro.hu\/wp-content\/uploads\/2025\/08\/karalabe-kremleves.jpg\" data-elementor-open-lightbox=\"yes\" data-elementor-lightbox-slideshow=\"7222cead\" data-elementor-lightbox-title=\"Karal\u00e1b\u00e9 Kr\u00e9mleves - Posner Bistro Budapest\" data-e-action-hash=\"#elementor-action%3Aaction%3Dlightbox%26settings%3DeyJpZCI6MzYyNCwidXJsIjoiaHR0cHM6XC9cL3Bvc25lcmJpc3Ryby5odVwvd3AtY29udGVudFwvdXBsb2Fkc1wvMjAyNVwvMDhcL2thcmFsYWJlLWtyZW1sZXZlcy5qcGciLCJzbGlkZXNob3ciOiI3MjIyY2VhZCJ9\">\n\t\t\t\t\t<div class=\"e-gallery-image elementor-gallery-item__image\" data-thumbnail=\"https:\/\/posnerbistro.hu\/wp-content\/uploads\/2025\/08\/karalabe-kremleves-683x1024.jpg\" data-width=\"683\" data-height=\"1024\" aria-label=\"Karal\u00e1b\u00e9 Kr\u00e9mleves - Posner Bistro Budapest\" role=\"img\" ><\/div>\n\t\t\t\t\t\t\t\t\t\t\t<div class=\"elementor-gallery-item__overlay\"><\/div>\n\t\t\t\t\t\t\t\t\t\t\t\t\t\t<\/a>\n\t\t\t\t\t\t\t<a class=\"e-gallery-item elementor-gallery-item elementor-animated-content\" href=\"https:\/\/posnerbistro.hu\/wp-content\/uploads\/2025\/08\/0061-csirkepaprikas.jpg\" data-elementor-open-lightbox=\"yes\" data-elementor-lightbox-slideshow=\"7222cead\" data-elementor-lightbox-title=\"Csirkepaprik\u00e1s - Posner Bistro Budapest\" data-e-action-hash=\"#elementor-action%3Aaction%3Dlightbox%26settings%3DeyJpZCI6MzYxMSwidXJsIjoiaHR0cHM6XC9cL3Bvc25lcmJpc3Ryby5odVwvd3AtY29udGVudFwvdXBsb2Fkc1wvMjAyNVwvMDhcLzAwNjEtY3NpcmtlcGFwcmlrYXMuanBnIiwic2xpZGVzaG93IjoiNzIyMmNlYWQifQ%3D%3D\">\n\t\t\t\t\t<div class=\"e-gallery-image elementor-gallery-item__image\" data-thumbnail=\"https:\/\/posnerbistro.hu\/wp-content\/uploads\/2025\/08\/0061-csirkepaprikas-1024x683.jpg\" data-width=\"800\" data-height=\"534\" aria-label=\"Chicken Paprikash - Posner Bistro Budapest\" role=\"img\" ><\/div>\n\t\t\t\t\t\t\t\t\t\t\t<div class=\"elementor-gallery-item__overlay\"><\/div>\n\t\t\t\t\t\t\t\t\t\t\t\t\t\t<\/a>\n\t\t\t\t\t\t\t<a class=\"e-gallery-item elementor-gallery-item elementor-animated-content\" href=\"https:\/\/posnerbistro.hu\/wp-content\/uploads\/2025\/08\/vegan-padlizsan-tatar.jpg\" data-elementor-open-lightbox=\"yes\" data-elementor-lightbox-slideshow=\"7222cead\" data-elementor-lightbox-title=\"Veg\u00e1n Padlizs\u00e1n Tat\u00e1r - Posner Bistro Budapest\" data-e-action-hash=\"#elementor-action%3Aaction%3Dlightbox%26settings%3DeyJpZCI6MzYyMywidXJsIjoiaHR0cHM6XC9cL3Bvc25lcmJpc3Ryby5odVwvd3AtY29udGVudFwvdXBsb2Fkc1wvMjAyNVwvMDhcL3ZlZ2FuLXBhZGxpenNhbi10YXRhci5qcGciLCJzbGlkZXNob3ciOiI3MjIyY2VhZCJ9\">\n\t\t\t\t\t<div class=\"e-gallery-image elementor-gallery-item__image\" data-thumbnail=\"https:\/\/posnerbistro.hu\/wp-content\/uploads\/2025\/08\/vegan-padlizsan-tatar-683x1024.jpg\" data-width=\"683\" data-height=\"1024\" aria-label=\"Veg\u00e1n Padlizs\u00e1n Tat\u00e1r - Posner Bistro Budapest\" role=\"img\" ><\/div>\n\t\t\t\t\t\t\t\t\t\t\t<div class=\"elementor-gallery-item__overlay\"><\/div>\n\t\t\t\t\t\t\t\t\t\t\t\t\t\t<\/a>\n\t\t\t\t\t\t\t<a class=\"e-gallery-item elementor-gallery-item elementor-animated-content\" href=\"https:\/\/posnerbistro.hu\/wp-content\/uploads\/2025\/08\/0020-GyongyTyuk-Leves-k.jpg\" data-elementor-open-lightbox=\"yes\" data-elementor-lightbox-slideshow=\"7222cead\" data-elementor-lightbox-title=\"Gy\u00f6ngyty\u00fak Leves - Posner Bistro Budapest\" data-e-action-hash=\"#elementor-action%3Aaction%3Dlightbox%26settings%3DeyJpZCI6MzU4NiwidXJsIjoiaHR0cHM6XC9cL3Bvc25lcmJpc3Ryby5odVwvd3AtY29udGVudFwvdXBsb2Fkc1wvMjAyNVwvMDhcLzAwMjAtR3lvbmd5VHl1ay1MZXZlcy1rLmpwZyIsInNsaWRlc2hvdyI6IjcyMjJjZWFkIn0%3D\">\n\t\t\t\t\t<div class=\"e-gallery-image elementor-gallery-item__image\" data-thumbnail=\"https:\/\/posnerbistro.hu\/wp-content\/uploads\/2025\/08\/0020-GyongyTyuk-Leves-k-683x1024.jpg\" data-width=\"683\" data-height=\"1024\" aria-label=\"Gy\u00f6ngyty\u00fak Leves - Posner Bistro Budapest\" role=\"img\" ><\/div>\n\t\t\t\t\t\t\t\t\t\t\t<div class=\"elementor-gallery-item__overlay\"><\/div>\n\t\t\t\t\t\t\t\t\t\t\t\t\t\t<\/a>\n\t\t\t\t\t\t\t<a class=\"e-gallery-item elementor-gallery-item elementor-animated-content\" href=\"https:\/\/posnerbistro.hu\/wp-content\/uploads\/2025\/08\/0046-vegan-up-burger.jpg\" data-elementor-open-lightbox=\"yes\" data-elementor-lightbox-slideshow=\"7222cead\" data-elementor-lightbox-title=\"Veg\u00e1n Up Burger - Posner Bistro Budapest\" data-e-action-hash=\"#elementor-action%3Aaction%3Dlightbox%26settings%3DeyJpZCI6MzYyMSwidXJsIjoiaHR0cHM6XC9cL3Bvc25lcmJpc3Ryby5odVwvd3AtY29udGVudFwvdXBsb2Fkc1wvMjAyNVwvMDhcLzAwNDYtdmVnYW4tdXAtYnVyZ2VyLmpwZyIsInNsaWRlc2hvdyI6IjcyMjJjZWFkIn0%3D\">\n\t\t\t\t\t<div class=\"e-gallery-image elementor-gallery-item__image\" data-thumbnail=\"https:\/\/posnerbistro.hu\/wp-content\/uploads\/2025\/08\/0046-vegan-up-burger.jpg\" data-width=\"800\" data-height=\"534\" aria-label=\"Vega Up Burger - Posner Bistro Budapest\" role=\"img\" ><\/div>\n\t\t\t\t\t\t\t\t\t\t\t<div class=\"elementor-gallery-item__overlay\"><\/div>\n\t\t\t\t\t\t\t\t\t\t\t\t\t\t<\/a>\n\t\t\t\t\t\t\t<a class=\"e-gallery-item elementor-gallery-item elementor-animated-content\" href=\"https:\/\/posnerbistro.hu\/wp-content\/uploads\/2025\/08\/0109-madartej.jpg\" data-elementor-open-lightbox=\"yes\" data-elementor-lightbox-slideshow=\"7222cead\" data-elementor-lightbox-title=\"Mad\u00e1rtej - Posner Bistro Budapest\" data-e-action-hash=\"#elementor-action%3Aaction%3Dlightbox%26settings%3DeyJpZCI6MzYxOSwidXJsIjoiaHR0cHM6XC9cL3Bvc25lcmJpc3Ryby5odVwvd3AtY29udGVudFwvdXBsb2Fkc1wvMjAyNVwvMDhcLzAxMDktbWFkYXJ0ZWouanBnIiwic2xpZGVzaG93IjoiNzIyMmNlYWQifQ%3D%3D\">\n\t\t\t\t\t<div class=\"e-gallery-image elementor-gallery-item__image\" data-thumbnail=\"https:\/\/posnerbistro.hu\/wp-content\/uploads\/2025\/08\/0109-madartej-683x1024.jpg\" data-width=\"683\" data-height=\"1024\" aria-label=\"Mad\u00e1rtej - Posner Bistro Budapest\" role=\"img\" ><\/div>\n\t\t\t\t\t\t\t\t\t\t\t<div class=\"elementor-gallery-item__overlay\"><\/div>\n\t\t\t\t\t\t\t\t\t\t\t\t\t\t<\/a>\n\t\t\t\t\t\t\t<a class=\"e-gallery-item elementor-gallery-item elementor-animated-content\" href=\"https:\/\/posnerbistro.hu\/wp-content\/uploads\/2025\/08\/0127-vegan-wrap.jpg\" data-elementor-open-lightbox=\"yes\" data-elementor-lightbox-slideshow=\"7222cead\" data-elementor-lightbox-title=\"Veg\u00e1n Wrap - Posner Bistro Budapest\" data-e-action-hash=\"#elementor-action%3Aaction%3Dlightbox%26settings%3DeyJpZCI6MzYxOCwidXJsIjoiaHR0cHM6XC9cL3Bvc25lcmJpc3Ryby5odVwvd3AtY29udGVudFwvdXBsb2Fkc1wvMjAyNVwvMDhcLzAxMjctdmVnYW4td3JhcC5qcGciLCJzbGlkZXNob3ciOiI3MjIyY2VhZCJ9\">\n\t\t\t\t\t<div class=\"e-gallery-image elementor-gallery-item__image\" data-thumbnail=\"https:\/\/posnerbistro.hu\/wp-content\/uploads\/2025\/08\/0127-vegan-wrap.jpg\" data-width=\"800\" data-height=\"534\" aria-label=\"Vegan Wrap - Posner Bistro Budapest\" role=\"img\" ><\/div>\n\t\t\t\t\t\t\t\t\t\t\t<div class=\"elementor-gallery-item__overlay\"><\/div>\n\t\t\t\t\t\t\t\t\t\t\t\t\t\t<\/a>\n\t\t\t\t\t\t\t<a class=\"e-gallery-item elementor-gallery-item elementor-animated-content\" href=\"https:\/\/posnerbistro.hu\/wp-content\/uploads\/2025\/08\/0015-burrata.jpg\" data-elementor-open-lightbox=\"yes\" data-elementor-lightbox-slideshow=\"7222cead\" data-elementor-lightbox-title=\"Burrata - Posner Bistro Budapest\" data-e-action-hash=\"#elementor-action%3Aaction%3Dlightbox%26settings%3DeyJpZCI6MzYwOCwidXJsIjoiaHR0cHM6XC9cL3Bvc25lcmJpc3Ryby5odVwvd3AtY29udGVudFwvdXBsb2Fkc1wvMjAyNVwvMDhcLzAwMTUtYnVycmF0YS5qcGciLCJzbGlkZXNob3ciOiI3MjIyY2VhZCJ9\">\n\t\t\t\t\t<div class=\"e-gallery-image elementor-gallery-item__image\" data-thumbnail=\"https:\/\/posnerbistro.hu\/wp-content\/uploads\/2025\/08\/0015-burrata-683x1024.jpg\" data-width=\"683\" data-height=\"1024\" aria-label=\"Burrata - Posner Bistro Budapest\" role=\"img\" ><\/div>\n\t\t\t\t\t\t\t\t\t\t\t<div class=\"elementor-gallery-item__overlay\"><\/div>\n\t\t\t\t\t\t\t\t\t\t\t\t\t\t<\/a>\n\t\t\t\t\t\t\t<a class=\"e-gallery-item elementor-gallery-item elementor-animated-content\" href=\"https:\/\/posnerbistro.hu\/wp-content\/uploads\/2025\/08\/0068-Supreme-Csirkemell-k.jpg\" data-elementor-open-lightbox=\"yes\" data-elementor-lightbox-slideshow=\"7222cead\" data-elementor-lightbox-title=\"Supreme Csirkemell - Posner Bistro Budapest\" data-e-action-hash=\"#elementor-action%3Aaction%3Dlightbox%26settings%3DeyJpZCI6MzU4OSwidXJsIjoiaHR0cHM6XC9cL3Bvc25lcmJpc3Ryby5odVwvd3AtY29udGVudFwvdXBsb2Fkc1wvMjAyNVwvMDhcLzAwNjgtU3VwcmVtZS1Dc2lya2VtZWxsLWsuanBnIiwic2xpZGVzaG93IjoiNzIyMmNlYWQifQ%3D%3D\">\n\t\t\t\t\t<div class=\"e-gallery-image elementor-gallery-item__image\" data-thumbnail=\"https:\/\/posnerbistro.hu\/wp-content\/uploads\/2025\/08\/0068-Supreme-Csirkemell-k-1024x683.jpg\" data-width=\"800\" data-height=\"534\" aria-label=\"Supreme Csirkemell - Posner Bistro Budapest\" role=\"img\" ><\/div>\n\t\t\t\t\t\t\t\t\t\t\t<div class=\"elementor-gallery-item__overlay\"><\/div>\n\t\t\t\t\t\t\t\t\t\t\t\t\t\t<\/a>\n\t\t\t\t\t\t\t<a class=\"e-gallery-item elementor-gallery-item elementor-animated-content\" href=\"https:\/\/posnerbistro.hu\/wp-content\/uploads\/2025\/08\/0116-sajtvalogatas-k.jpg\" data-elementor-open-lightbox=\"yes\" data-elementor-lightbox-slideshow=\"7222cead\" data-elementor-lightbox-title=\"Sajtv\u00e1logat\u00e1s - Posner Bistro Budapest\" data-e-action-hash=\"#elementor-action%3Aaction%3Dlightbox%26settings%3DeyJpZCI6MzU5MiwidXJsIjoiaHR0cHM6XC9cL3Bvc25lcmJpc3Ryby5odVwvd3AtY29udGVudFwvdXBsb2Fkc1wvMjAyNVwvMDhcLzAxMTYtc2FqdHZhbG9nYXRhcy1rLmpwZyIsInNsaWRlc2hvdyI6IjcyMjJjZWFkIn0%3D\">\n\t\t\t\t\t<div class=\"e-gallery-image elementor-gallery-item__image\" data-thumbnail=\"https:\/\/posnerbistro.hu\/wp-content\/uploads\/2025\/08\/0116-sajtvalogatas-k.jpg\" data-width=\"800\" data-height=\"534\" aria-label=\"Cheese Selection - Posner Bistro Budapest\" role=\"img\" ><\/div>\n\t\t\t\t\t\t\t\t\t\t\t<div class=\"elementor-gallery-item__overlay\"><\/div>\n\t\t\t\t\t\t\t\t\t\t\t\t\t\t<\/a>\n\t\t\t\t\t\t\t<a class=\"e-gallery-item elementor-gallery-item elementor-animated-content\" href=\"https:\/\/posnerbistro.hu\/wp-content\/uploads\/2025\/08\/0098-Yuzu-Mousse-k.jpg\" data-elementor-open-lightbox=\"yes\" data-elementor-lightbox-slideshow=\"7222cead\" data-elementor-lightbox-title=\"Yuzu Mousse - Posner Bistro Budapest\" data-e-action-hash=\"#elementor-action%3Aaction%3Dlightbox%26settings%3DeyJpZCI6MzU5MSwidXJsIjoiaHR0cHM6XC9cL3Bvc25lcmJpc3Ryby5odVwvd3AtY29udGVudFwvdXBsb2Fkc1wvMjAyNVwvMDhcLzAwOTgtWXV6dS1Nb3Vzc2Utay5qcGciLCJzbGlkZXNob3ciOiI3MjIyY2VhZCJ9\">\n\t\t\t\t\t<div class=\"e-gallery-image elementor-gallery-item__image\" data-thumbnail=\"https:\/\/posnerbistro.hu\/wp-content\/uploads\/2025\/08\/0098-Yuzu-Mousse-k-1024x683.jpg\" data-width=\"800\" data-height=\"534\" aria-label=\"Yuzu Mousse - Posner Bistro Budapest\" role=\"img\" ><\/div>\n\t\t\t\t\t\t\t\t\t\t\t<div class=\"elementor-gallery-item__overlay\"><\/div>\n\t\t\t\t\t\t\t\t\t\t\t\t\t\t<\/a>\n\t\t\t\t\t\t\t<a class=\"e-gallery-item elementor-gallery-item elementor-animated-content\" href=\"https:\/\/posnerbistro.hu\/wp-content\/uploads\/2025\/08\/0073-Belszinszeletek-k.jpg\" data-elementor-open-lightbox=\"yes\" data-elementor-lightbox-slideshow=\"7222cead\" data-elementor-lightbox-title=\"B\u00e9lsz\u00ednszeletek - Posner Bistro Budapest\" data-e-action-hash=\"#elementor-action%3Aaction%3Dlightbox%26settings%3DeyJpZCI6MzU5MCwidXJsIjoiaHR0cHM6XC9cL3Bvc25lcmJpc3Ryby5odVwvd3AtY29udGVudFwvdXBsb2Fkc1wvMjAyNVwvMDhcLzAwNzMtQmVsc3ppbnN6ZWxldGVrLWsuanBnIiwic2xpZGVzaG93IjoiNzIyMmNlYWQifQ%3D%3D\">\n\t\t\t\t\t<div class=\"e-gallery-image elementor-gallery-item__image\" data-thumbnail=\"https:\/\/posnerbistro.hu\/wp-content\/uploads\/2025\/08\/0073-Belszinszeletek-k-1024x683.jpg\" data-width=\"800\" data-height=\"534\" aria-label=\"Beef Tenderloin - Posner Bistro Budapest\" role=\"img\" ><\/div>\n\t\t\t\t\t\t\t\t\t\t\t<div class=\"elementor-gallery-item__overlay\"><\/div>\n\t\t\t\t\t\t\t\t\t\t\t\t\t\t<\/a>\n\t\t\t\t\t\t\t<a class=\"e-gallery-item elementor-gallery-item elementor-animated-content\" href=\"https:\/\/posnerbistro.hu\/wp-content\/uploads\/2025\/08\/0038-Up-Angus-Burger-k.jpg\" data-elementor-open-lightbox=\"yes\" data-elementor-lightbox-slideshow=\"7222cead\" data-elementor-lightbox-title=\"Up Angus Burger - Posner Bistro Budapest\" data-e-action-hash=\"#elementor-action%3Aaction%3Dlightbox%26settings%3DeyJpZCI6MzU4OCwidXJsIjoiaHR0cHM6XC9cL3Bvc25lcmJpc3Ryby5odVwvd3AtY29udGVudFwvdXBsb2Fkc1wvMjAyNVwvMDhcLzAwMzgtVXAtQW5ndXMtQnVyZ2VyLWsuanBnIiwic2xpZGVzaG93IjoiNzIyMmNlYWQifQ%3D%3D\">\n\t\t\t\t\t<div class=\"e-gallery-image elementor-gallery-item__image\" data-thumbnail=\"https:\/\/posnerbistro.hu\/wp-content\/uploads\/2025\/08\/0038-Up-Angus-Burger-k-1024x683.jpg\" data-width=\"800\" data-height=\"534\" aria-label=\"Up Angus Burger - Posner Bistro Budapest\" role=\"img\" ><\/div>\n\t\t\t\t\t\t\t\t\t\t\t<div class=\"elementor-gallery-item__overlay\"><\/div>\n\t\t\t\t\t\t\t\t\t\t\t\t\t\t<\/a>\n\t\t\t\t\t\t\t<a class=\"e-gallery-item elementor-gallery-item elementor-animated-content\" href=\"https:\/\/posnerbistro.hu\/wp-content\/uploads\/2025\/08\/cezar-salata.jpg\" data-elementor-open-lightbox=\"yes\" data-elementor-lightbox-slideshow=\"7222cead\" data-elementor-lightbox-title=\"C\u00e9z\u00e1r Sal\u00e1ta - Posner Bistro Budapest\" data-e-action-hash=\"#elementor-action%3Aaction%3Dlightbox%26settings%3DeyJpZCI6MzYzMCwidXJsIjoiaHR0cHM6XC9cL3Bvc25lcmJpc3Ryby5odVwvd3AtY29udGVudFwvdXBsb2Fkc1wvMjAyNVwvMDhcL2NlemFyLXNhbGF0YS5qcGciLCJzbGlkZXNob3ciOiI3MjIyY2VhZCJ9\">\n\t\t\t\t\t<div class=\"e-gallery-image elementor-gallery-item__image\" data-thumbnail=\"https:\/\/posnerbistro.hu\/wp-content\/uploads\/2025\/08\/cezar-salata-1024x683.jpg\" data-width=\"800\" data-height=\"534\" aria-label=\"C\u00e9z\u00e1r Sal\u00e1ta - Posner Bistro Budapest\" role=\"img\" ><\/div>\n\t\t\t\t\t\t\t\t\t\t\t<div class=\"elementor-gallery-item__overlay\"><\/div>\n\t\t\t\t\t\t\t\t\t\t\t\t\t\t<\/a>\n\t\t\t\t\t\t\t<a class=\"e-gallery-item elementor-gallery-item elementor-animated-content\" href=\"https:\/\/posnerbistro.hu\/wp-content\/uploads\/2025\/08\/0033-Nyari-Superfood-Salata-k.jpg\" data-elementor-open-lightbox=\"yes\" data-elementor-lightbox-slideshow=\"7222cead\" data-elementor-lightbox-title=\"Ny\u00e1ri Superfood Sal\u00e1ta - Posner Bistro Budapest\" data-e-action-hash=\"#elementor-action%3Aaction%3Dlightbox%26settings%3DeyJpZCI6MzU4NywidXJsIjoiaHR0cHM6XC9cL3Bvc25lcmJpc3Ryby5odVwvd3AtY29udGVudFwvdXBsb2Fkc1wvMjAyNVwvMDhcLzAwMzMtTnlhcmktU3VwZXJmb29kLVNhbGF0YS1rLmpwZyIsInNsaWRlc2hvdyI6IjcyMjJjZWFkIn0%3D\">\n\t\t\t\t\t<div class=\"e-gallery-image elementor-gallery-item__image\" data-thumbnail=\"https:\/\/posnerbistro.hu\/wp-content\/uploads\/2025\/08\/0033-Nyari-Superfood-Salata-k-1024x683.jpg\" data-width=\"800\" data-height=\"534\" aria-label=\"Ny\u00e1ri Superfood Sal\u00e1ta - Posner Bistro Budapest\" role=\"img\" ><\/div>\n\t\t\t\t\t\t\t\t\t\t\t<div class=\"elementor-gallery-item__overlay\"><\/div>\n\t\t\t\t\t\t\t\t\t\t\t\t\t\t<\/a>\n\t\t\t\t\t<\/div>\n\t\t\t\t\t<\/div>\n\t\t\t\t<\/div>\n\t\t\t\t\t<\/div>\n\t\t<\/div>\n\t\t\t\t\t<\/div>\n\t\t<\/section>\n\t\t\t\t<\/div>","protected":false},"excerpt":{"rendered":"","protected":false},"author":2,"featured_media":0,"parent":52,"menu_order":0,"comment_status":"closed","ping_status":"closed","template":"elementor_header_footer","meta":{"footnotes":""},"class_list":["post-3003","page","type-page","status-publish","hentry"],"_links":{"self":[{"href":"https:\/\/posnerbistro.hu\/en\/wp-json\/wp\/v2\/pages\/3003","targetHints":{"allow":["GET"]}}],"collection":[{"href":"https:\/\/posnerbistro.hu\/en\/wp-json\/wp\/v2\/pages"}],"about":[{"href":"https:\/\/posnerbistro.hu\/en\/wp-json\/wp\/v2\/types\/page"}],"author":[{"embeddable":true,"href":"https:\/\/posnerbistro.hu\/en\/wp-json\/wp\/v2\/users\/2"}],"replies":[{"embeddable":true,"href":"https:\/\/posnerbistro.hu\/en\/wp-json\/wp\/v2\/comments?post=3003"}],"version-history":[{"count":16,"href":"https:\/\/posnerbistro.hu\/en\/wp-json\/wp\/v2\/pages\/3003\/revisions"}],"predecessor-version":[{"id":3640,"href":"https:\/\/posnerbistro.hu\/en\/wp-json\/wp\/v2\/pages\/3003\/revisions\/3640"}],"up":[{"embeddable":true,"href":"https:\/\/posnerbistro.hu\/en\/wp-json\/wp\/v2\/pages\/52"}],"wp:attachment":[{"href":"https:\/\/posnerbistro.hu\/en\/wp-json\/wp\/v2\/media?parent=3003"}],"curies":[{"name":"wp","href":"https:\/\/api.w.org\/{rel}","templated":true}]}}