{"id":1295,"date":"2024-03-21T21:35:11","date_gmt":"2024-03-21T19:35:11","guid":{"rendered":"https:\/\/posnerbistro.hu\/?page_id=1295"},"modified":"2024-03-21T21:44:13","modified_gmt":"2024-03-21T19:44:13","slug":"cookie-szabalyzat","status":"publish","type":"page","link":"https:\/\/posnerbistro.hu\/en\/cookie-szabalyzat\/","title":{"rendered":"Cookie szab\u00e1lyzat"},"content":{"rendered":"<div data-elementor-type=\"wp-page\" data-elementor-id=\"1295\" class=\"elementor elementor-1295\" data-elementor-post-type=\"page\">\n\t\t\t\t\t\t<section class=\"elementor-section elementor-top-section elementor-element elementor-element-e189b8b elementor-section-boxed elementor-section-height-default elementor-section-height-default\" data-id=\"e189b8b\" data-element_type=\"section\" data-e-type=\"section\">\n\t\t\t\t\t\t<div class=\"elementor-container elementor-column-gap-default\">\n\t\t\t\t\t<div class=\"elementor-column elementor-col-100 elementor-top-column elementor-element elementor-element-6431728\" data-id=\"6431728\" data-element_type=\"column\" data-e-type=\"column\">\n\t\t\t<div class=\"elementor-widget-wrap elementor-element-populated\">\n\t\t\t\t\t\t<div class=\"elementor-element elementor-element-3966394 elementor-widget elementor-widget-text-editor\" data-id=\"3966394\" data-element_type=\"widget\" data-e-type=\"widget\" data-widget_type=\"text-editor.default\">\n\t\t\t\t<div class=\"elementor-widget-container\">\n\t\t\t\t\t\t\t\t\t<h3>A s\u00fctikre vonatkoz\u00f3 ir\u00e1nyelvr\u0151l<\/h3><p>Olvassa el ezt az ir\u00e1nyelvet annak meg\u00e9rt\u00e9se \u00e9rdek\u00e9ben, hogy mik azok a cookie-k, hogyan haszn\u00e1ljuk \u0151ket, milyen t\u00edpus\u00fa s\u00fctiket haszn\u00e1lunk,\u00a0 hogyan haszn\u00e1ljuk ezeket az inform\u00e1ci\u00f3kat, \u00e9s hogyan lehet szab\u00e1lyozni a cookie-be\u00e1ll\u00edt\u00e1sokat. Az \u00d6n szem\u00e9lyes adatainak felhaszn\u00e1l\u00e1s\u00e1val, t\u00e1rol\u00e1s\u00e1val \u00e9s biztons\u00e1gban tart\u00e1s\u00e1val kapcsolatos tov\u00e1bbi inform\u00e1ci\u00f3k\u00e9rt tekintse meg <a href=\"https:\/\/uphotelbudapest.com\/cookie-szabalyzat\/#\" target=\"_blank\" rel=\"noopener\">adatv\u00e9delmi ir\u00e1nyelveinket<\/a>.<\/p><p>B\u00e1rmikor megv\u00e1ltoztathatja vagy visszavonhatja a Cookie-nyilatkozatba val\u00f3 beleegyez\u00e9s\u00e9t.<\/p><p>Tudjon meg t\u00f6bbet arr\u00f3l, hogy kik vagyunk, hogyan veheti fel vel\u00fcnk a kapcsolatot \u00e9s hogyan dolgozunk fel szem\u00e9lyes adatokat az <a href=\"https:\/\/uphotelbudapest.com\/cookie-szabalyzat\/#\" target=\"_blank\" rel=\"noopener\">Adatv\u00e9delmi ir\u00e1nyelv\u00fcnkben<\/a>.<br \/>Az \u00d6n hozz\u00e1j\u00e1rul\u00e1sa a k\u00f6vetkez\u0151 domainekre vonatkozik: uphotelbudapest.com<\/p><p>\u00a0<\/p><h3>Mik azok a s\u00fctik ?<\/h3><p>A cookie egy olyan kis adategy\u00fcttes (v\u00e1ltoz\u00f3 tartalm\u00fa, alfanumerikus inform\u00e1ci\u00f3 csomag), amelyet az \u00d6n \u00e1ltal b\u00f6ng\u00e9szett webhely szervere k\u00fcld az \u00d6n eszk\u00f6z\u00e9re. A s\u00fcti az \u00d6n sz\u00e1m\u00edt\u00f3g\u00e9p\u00e9nek, telefonj\u00e1nak vagy t\u00e1blag\u00e9p\u00e9nek b\u00f6ng\u00e9sz\u0151 programj\u00e1ban elt\u00e1rol\u00f3dik, majd ezt k\u00e9s\u0151bb a k\u00fcld\u0151 szerver onnan kiolvashatja. A cookie-t m\u00e1s webhely nem k\u00e9pes elolvasni, csak amely azt elhelyezte. A cookie-k t\u00e1j\u00e9koztatnak benn\u00fcnket a l\u00e1togat\u00f3k webhely haszn\u00e1lat\u00e1val kapcsolatos szok\u00e1sair\u00f3l. A cookie-kat az Adatkezel\u0151 adminisztrat\u00edv c\u00e9lokra k\u00edv\u00e1nja felhaszn\u00e1lni; \u00edgy a webhely l\u00e1togatotts\u00e1g\u00e1nak m\u00e9r\u00e9s\u00e9re, illetve a b\u00f6ng\u00e9sz\u00e9s megk\u00f6nny\u00edt\u00e9s\u00e9re; a webhelyen bel\u00fcl kor\u00e1bban megnyitott oldalak megjegyz\u00e9s\u00e9vel. Egy cookie sem tartalmaz olyan szem\u00e9lyes adatot, amely lehet\u0151v\u00e9 tenn\u00e9 b\u00e1rki sz\u00e1m\u00e1ra az \u00d6n e-mailen, telefonon, vagy hagyom\u00e1nyos postai \u00faton t\u00f6rt\u00e9n\u0151 el\u00e9r\u00e9s\u00e9t. A s\u00fctik \u00f6nmagukban a felhaszn\u00e1l\u00f3 azonos\u00edt\u00e1s\u00e1ra nem k\u00e9pesek, kiz\u00e1r\u00f3lag a l\u00e1togat\u00f3 sz\u00e1m\u00edt\u00f3g\u00e9p\u00e9nek felismer\u00e9s\u00e9re alkalmasak. Mivel a s\u00fctik egyfajta c\u00edmkek\u00e9nt m\u0171k\u00f6dnek, melyekkel a weboldal felismerheti az oldalra visszat\u00e9r\u0151 l\u00e1togat\u00f3t, alkalmaz\u00e1sukkal az adott oldalon \u00e9rv\u00e9nyes felhaszn\u00e1l\u00f3n\u00e9v, jelsz\u00f3 is t\u00e1rolhat\u00f3.<\/p><p>\u00a0<\/p><h3>Hogyan haszn\u00e1lja weboldalunk a s\u00fctiket?<\/h3><p>Ahogy az online szolg\u00e1ltat\u00e1sok nagy r\u00e9sze, weboldalunk sz\u00e1mos c\u00e9lra haszn\u00e1lja az els\u0151 \u00e9s harmadik f\u00e9lt\u0151l sz\u00e1rmaz\u00f3 s\u00fctiket. Az els\u0151 f\u00e9lt\u0151l sz\u00e1rmaz\u00f3 s\u00fctik t\u00f6bbnyire a webhely megfelel\u0151 m\u0171k\u00f6d\u00e9s\u00e9hez sz\u00fcks\u00e9gesek, \u00e9s nem gy\u0171jtenek az \u00d6n szem\u00e9lyazonos\u00edt\u00e1s\u00e1ra alkalmas adatokat.A weboldalainkon haszn\u00e1lt harmadik f\u00e9lt\u0151l sz\u00e1rmaz\u00f3 s\u00fctiket els\u0151sorban arra haszn\u00e1ljuk, hogy meg\u00e9rts\u00fck a webhely teljes\u00edtm\u00e9ny\u00e9t, a weboldalunkkal val\u00f3 interakci\u00f3j\u00e1t, a szolg\u00e1ltat\u00e1saink biztons\u00e1g\u00e1nak meg\u0151rz\u00e9s\u00e9t, az \u00d6n sz\u00e1m\u00e1ra relev\u00e1ns hirdet\u00e9sek biztos\u00edt\u00e1s\u00e1t, \u00e9s \u00f6sszess\u00e9g\u00e9ben egy jobb felhaszn\u00e1l\u00f3i \u00e9lm\u00e9nyt, \u00e9s el\u0151seg\u00edti a j\u00f6v\u0151beni interakci\u00f3kat weboldalunkkal.<\/p><p>\u00a0<\/p><h3>Milyen t\u00edpus\u00fa s\u00fctiket haszn\u00e1lunk?<\/h3><p>\u00a0<\/p><p><strong>Alapm\u0171k\u00f6d\u00e9st biztos\u00edt\u00f3 (session) s\u00fctik<\/strong><\/p><p><strong><br \/><\/strong>Az elengedhetetlen s\u00fctik weboldalunk haszn\u00e1lhat\u00f3s\u00e1g\u00e1t seg\u00edtik az\u00e1ltal, hogy enged\u00e9lyeznek olyan alapvet\u0151 funkci\u00f3kat, mint az oldalon val\u00f3 navig\u00e1ci\u00f3 \u00e9s a weboldal biztons\u00e1gos ter\u00fcleteihez val\u00f3 hozz\u00e1f\u00e9r\u00e9s. A weboldal ezen s\u00fctik n\u00e9lk\u00fcl nem tud megfelel\u0151en m\u0171k\u00f6dni. A webhely az al\u00e1bbi alapm\u0171k\u00f6d\u00e9st biztos\u00edt\u00f3 s\u00fctiket alkalmazza:<\/p><ul><li>Kapcsolati \u0171rlap adatainak ideiglenes t\u00e1rol\u00e1sa a kapcsolati \u0171rlap elk\u00fcld\u00e9s\u00e9ig<\/li><li>H\u00edrlev\u00e9l feliratkoz\u00e1si \u0171rlap adatainak\u00a0 ideiglenes t\u00e1rol\u00e1sa a kapcsolati \u0171rlap elk\u00fcld\u00e9s\u00e9ig<\/li><li>\u201eCookie kezel\u00e9si t\u00e1j\u00e9koztat\u00f3\u201d elfogad\u00e1s\u00e1nak t\u00e1rol\u00e1sa<\/li><li>CAPTCHA ellen\u0151rz\u00e9s (spam v\u00e9dedelem) c\u00e9lj\u00e1b\u00f3l t\u00e1rolt adatok<\/li><\/ul><p>\u00a0<\/p><p><b>Statisztikai c\u00e9l\u00fa s\u00fctik<\/b><\/p><p>Az adatok n\u00e9vtelen form\u00e1ban val\u00f3 gy\u0171j\u00e9s\u00e9n \u00e9s jelent\u00e9s\u00e9n kereszt\u00fcl a statisztikai s\u00fctik seg\u00edtenek a weboldal tulajdonos\u00e1nak abban, hogy meg\u00e9rtse, hogyan l\u00e9pnek interakci\u00f3ba a l\u00e1togat\u00f3k a weboldallal. A webhely az al\u00e1bbi statisztikai c\u00e9l\u00fa s\u00fctiket haszn\u00e1lja:<\/p><ul><li>Analitika c\u00e9l\u00fa adatt\u00e1rol\u00e1s (Google Analytics)<\/li><\/ul><p>\u00a0<\/p><h3>Hogyan szab\u00e1lyozhatom a cookie be\u00e1ll\u00edt\u00e1sokat?<\/h3><p>A legt\u00f6bb b\u00f6ng\u00e9sz\u0151 alap\u00e9rtelmezettk\u00e9nt automatikusan elfogadja a s\u00fctiket, de ez megv\u00e1ltoztathat\u00f3 annak \u00e9rdek\u00e9ben, hogy a be\u00e1ll\u00edt\u00e1st k\u00f6vet\u0151en megakad\u00e1lyozza az automatikus elfogad\u00e1st. Ha t\u00f6bbet szeretne megtudni a b\u00f6ng\u00e9sz\u0151 be\u00e1ll\u00edt\u00e1sainak m\u00f3dos\u00edt\u00e1s\u00e1r\u00f3l, n\u00e9zd \u00e1t a b\u00f6ng\u00e9sz\u0151 utas\u00edt\u00e1sait vagy s\u00fag\u00f3j\u00e1t. A legn\u00e9pszer\u0171bb b\u00f6ng\u00e9sz\u0151k s\u00fcti-be\u00e1ll\u00edt\u00e1sair\u00f3l az al\u00e1bbi linkeken t\u00e1j\u00e9koz\u00f3dhat:<\/p><p><a href=\"https:\/\/support.google.com\/accounts\/answer\/61416?hl=hu\" target=\"_blank\" rel=\"noopener noreferrer\" data-saferedirecturl=\"https:\/\/www.google.com\/url?q=https:\/\/support.google.com\/accounts\/answer\/61416?hl%3Dhu&amp;source=gmail&amp;ust=1603284148745000&amp;usg=AFQjCNEnUFmOKJbTBmgAHTpsH24BVSLU7w\">Google Chrome<\/a><br \/><a href=\"https:\/\/support.mozilla.org\/hu\/kb\/sutik-informacio-amelyet-weboldalak-tarolnak-szami?redirectlocale=hu&amp;redirectslug=S%C3%BCtik+kezel%C3%A9se\" target=\"_blank\" rel=\"noopener noreferrer\" data-saferedirecturl=\"https:\/\/www.google.com\/url?q=https:\/\/support.mozilla.org\/hu\/kb\/sutik-informacio-amelyet-weboldalak-tarolnak-szami?redirectlocale%3Dhu%26redirectslug%3DS%25C3%25BCtik%2Bkezel%25C3%25A9se&amp;source=gmail&amp;ust=1603284148745000&amp;usg=AFQjCNH7fibcD6sXYjEs6lEBXzVDFHGYhA\">Firefox<\/a><br \/><a href=\"https:\/\/support.microsoft.com\/hu-hu\/help\/17442\/windows-internet-explorer-delete-manage-cookies\" target=\"_blank\" rel=\"noopener noreferrer\" data-saferedirecturl=\"https:\/\/www.google.com\/url?q=https:\/\/support.microsoft.com\/hu-hu\/help\/17442\/windows-internet-explorer-delete-manage-cookies&amp;source=gmail&amp;ust=1603284148745000&amp;usg=AFQjCNE_U9W1UI44vuNtUPmGkM43aTIn7w\">Microsoft Internet Explorer 11<\/a><br \/><a href=\"https:\/\/support.microsoft.com\/hu-hu\/help\/17442\/windows-internet-explorer-delete-manage-cookies\" target=\"_blank\" rel=\"noopener noreferrer\" data-saferedirecturl=\"https:\/\/www.google.com\/url?q=https:\/\/support.microsoft.com\/hu-hu\/help\/17442\/windows-internet-explorer-delete-manage-cookies&amp;source=gmail&amp;ust=1603284148745000&amp;usg=AFQjCNE_U9W1UI44vuNtUPmGkM43aTIn7w\">Microsoft Internet Explorer 10<\/a><br \/><a href=\"https:\/\/support.microsoft.com\/hu-hu\/help\/4468242\/microsoft-edge-browsing-data-and-privacy\" target=\"_blank\" rel=\"noopener noreferrer\" data-saferedirecturl=\"https:\/\/www.google.com\/url?q=https:\/\/support.microsoft.com\/hu-hu\/help\/4468242\/microsoft-edge-browsing-data-and-privacy&amp;source=gmail&amp;ust=1603284148745000&amp;usg=AFQjCNFrzwG2fP4I7nf8VpHUzUoB68shZA\">Microsoft Edge<\/a><br \/><a href=\"https:\/\/support.apple.com\/hu-hu\/guide\/safari\/sfri11471\/mac\" target=\"_blank\" rel=\"noopener noreferrer\" data-saferedirecturl=\"https:\/\/www.google.com\/url?q=https:\/\/support.apple.com\/hu-hu\/guide\/safari\/sfri11471\/mac&amp;source=gmail&amp;ust=1603284148745000&amp;usg=AFQjCNEbc4EsJ6n1rxf6pn5-v0dmriNcJQ\">Safari<\/a><\/p>\t\t\t\t\t\t\t\t<\/div>\n\t\t\t\t<\/div>\n\t\t\t\t\t<\/div>\n\t\t<\/div>\n\t\t\t\t\t<\/div>\n\t\t<\/section>\n\t\t\t\t<\/div>","protected":false},"excerpt":{"rendered":"<p>A s\u00fctikre vonatkoz\u00f3 ir\u00e1nyelvr\u0151l Olvassa el ezt az ir\u00e1nyelvet annak meg\u00e9rt\u00e9se \u00e9rdek\u00e9ben, hogy mik azok a cookie-k, hogyan haszn\u00e1ljuk \u0151ket, milyen t\u00edpus\u00fa s\u00fctiket haszn\u00e1lunk,\u00a0 hogyan haszn\u00e1ljuk ezeket az inform\u00e1ci\u00f3kat, \u00e9s hogyan lehet szab\u00e1lyozni a cookie-be\u00e1ll\u00edt\u00e1sokat. Az \u00d6n szem\u00e9lyes adatainak felhaszn\u00e1l\u00e1s\u00e1val, t\u00e1rol\u00e1s\u00e1val \u00e9s biztons\u00e1gban tart\u00e1s\u00e1val kapcsolatos tov\u00e1bbi inform\u00e1ci\u00f3k\u00e9rt tekintse meg adatv\u00e9delmi ir\u00e1nyelveinket. B\u00e1rmikor megv\u00e1ltoztathatja vagy visszavonhatja [&hellip;]<\/p>\n","protected":false},"author":2,"featured_media":0,"parent":0,"menu_order":0,"comment_status":"closed","ping_status":"closed","template":"elementor_header_footer","meta":{"footnotes":""},"class_list":["post-1295","page","type-page","status-publish","hentry"],"_links":{"self":[{"href":"https:\/\/posnerbistro.hu\/en\/wp-json\/wp\/v2\/pages\/1295","targetHints":{"allow":["GET"]}}],"collection":[{"href":"https:\/\/posnerbistro.hu\/en\/wp-json\/wp\/v2\/pages"}],"about":[{"href":"https:\/\/posnerbistro.hu\/en\/wp-json\/wp\/v2\/types\/page"}],"author":[{"embeddable":true,"href":"https:\/\/posnerbistro.hu\/en\/wp-json\/wp\/v2\/users\/2"}],"replies":[{"embeddable":true,"href":"https:\/\/posnerbistro.hu\/en\/wp-json\/wp\/v2\/comments?post=1295"}],"version-history":[{"count":4,"href":"https:\/\/posnerbistro.hu\/en\/wp-json\/wp\/v2\/pages\/1295\/revisions"}],"predecessor-version":[{"id":1300,"href":"https:\/\/posnerbistro.hu\/en\/wp-json\/wp\/v2\/pages\/1295\/revisions\/1300"}],"wp:attachment":[{"href":"https:\/\/posnerbistro.hu\/en\/wp-json\/wp\/v2\/media?parent=1295"}],"curies":[{"name":"wp","href":"https:\/\/api.w.org\/{rel}","templated":true}]}}